{"id":2527,"date":"2023-09-13T15:33:46","date_gmt":"2023-09-13T13:33:46","guid":{"rendered":"https:\/\/mesta-consulting.de\/?page_id=2527"},"modified":"2023-09-13T15:35:53","modified_gmt":"2023-09-13T13:35:53","slug":"rodo","status":"publish","type":"page","link":"https:\/\/www.mesta-consulting.de\/gb\/rodo\/","title":{"rendered":"RODO"},"content":{"rendered":"\n<div id=\"wp-block-themeisle-blocks-advanced-columns-7efdf83f\" class=\"wp-block-themeisle-blocks-advanced-columns has-1-columns has-desktop-equal-layout has-tablet-equal-layout has-mobile-equal-layout has-vertical-unset\"><div class=\"wp-block-themeisle-blocks-advanced-columns-overlay\"><\/div><div class=\"innerblocks-wrap\">\n<div id=\"wp-block-themeisle-blocks-advanced-column-0d094de4\" class=\"wp-block-themeisle-blocks-advanced-column\">\n<div id=\"wp-block-themeisle-blocks-advanced-columns-7c1f3da9\" class=\"wp-block-themeisle-blocks-advanced-columns has-2-columns has-desktop-oneTwo-layout has-tablet-equal-layout has-mobile-collapsedRows-layout has-vertical-unset\"><div class=\"wp-block-themeisle-blocks-advanced-columns-overlay\"><\/div><div class=\"innerblocks-wrap\">\n<div id=\"wp-block-themeisle-blocks-advanced-column-2491ed29\" class=\"wp-block-themeisle-blocks-advanced-column has-light-bg\">\n<div style=\"height:91px\" aria-hidden=\"true\" class=\"wp-block-spacer\"><\/div>\n\n\n\n<h3 class=\"wp-block-heading has-text-align-center has-nv-text-dark-bg-color has-text-color has-x-large-font-size\">RODO<\/h3>\n<\/div>\n\n\n\n<div id=\"wp-block-themeisle-blocks-advanced-column-c9c12dbf\" class=\"wp-block-themeisle-blocks-advanced-column has-light-bg\">\n<figure class=\"wp-block-image size-large\"><img loading=\"lazy\" decoding=\"async\" width=\"1024\" height=\"347\" src=\"https:\/\/www.mesta-consulting.de\/wp-content\/uploads\/2022\/12\/close-up-on-young-business-person-doing-internship-2-1024x347.jpg\" alt=\"\" class=\"wp-image-764\" srcset=\"https:\/\/www.mesta-consulting.de\/wp-content\/uploads\/2022\/12\/close-up-on-young-business-person-doing-internship-2-1024x347.jpg 1024w, https:\/\/www.mesta-consulting.de\/wp-content\/uploads\/2022\/12\/close-up-on-young-business-person-doing-internship-2-300x102.jpg 300w, https:\/\/www.mesta-consulting.de\/wp-content\/uploads\/2022\/12\/close-up-on-young-business-person-doing-internship-2-768x260.jpg 768w, https:\/\/www.mesta-consulting.de\/wp-content\/uploads\/2022\/12\/close-up-on-young-business-person-doing-internship-2-1536x521.jpg 1536w, https:\/\/www.mesta-consulting.de\/wp-content\/uploads\/2022\/12\/close-up-on-young-business-person-doing-internship-2-2048x694.jpg 2048w\" sizes=\"auto, (max-width: 1024px) 100vw, 1024px\" \/><\/figure>\n<\/div>\n<\/div><\/div>\n\n\n\n<div style=\"height:50px\" aria-hidden=\"true\" class=\"wp-block-spacer\"><\/div>\n\n\n\n<div id=\"wp-block-themeisle-blocks-advanced-columns-db4bc940\" class=\"wp-block-themeisle-blocks-advanced-columns has-1-columns has-desktop-equal-layout has-tablet-equal-layout has-mobile-equal-layout has-vertical-unset\"><div class=\"wp-block-themeisle-blocks-advanced-columns-overlay\"><\/div><div class=\"innerblocks-wrap\">\n<div id=\"wp-block-themeisle-blocks-advanced-column-924b67fb\" class=\"wp-block-themeisle-blocks-advanced-column\">\n<h2 class=\"wp-block-heading\">Klauzula informacyjna<\/h2>\n\n\n\n<div style=\"height:50px\" aria-hidden=\"true\" class=\"wp-block-spacer\"><\/div>\n\n\n\n<p>Wype\u0142niaj\u0105c obowi\u0105zek informacyjny wynikaj\u0105cy z art. 13 ust. 1 i ust. 2 Rozporz\u0105dzenia Parlamentu Europejskiego i Rady (UE) 2016\/679 z dnia 27 kwietnia 2016 r. w sprawie ochrony os\u00f3b fizycznych w zwi\u0105zku z przetwarzaniem danych osobowych i w sprawie swobodnego przep\u0142ywu takich danych oraz uchylenia dyrektywy 95\/46\/WE (og\u00f3lne rozporz\u0105dzenie o ochronie danych, Dz.U.UE.L.2016.119.1, sprost. Dz.U.UE.L.2018.127.2), dalej jako \u201eRODO\u201d) w zwi\u0105zku z pozyskiwaniem od Pana\/Pani danych osobowych informujemy, \u017ce:<\/p>\n\n\n\n<ol class=\"wp-block-list\">\n<li>Administratorem Pani\/Pana danych osobowych jest MESTA Consulting sp. z o.o. z siedzib\u0105 w Sopocie, adres: Lipowa 12, 81-750 Sopot, wpisana do Rejestru Przedsi\u0119biorc\u00f3w Krajowego Rejestru S\u0105dowego pod nr 0001019692, NIP 8971918414, kapita\u0142 zak\u0142adowy 5.000,00 PLN, adres e-mail: rodo@mesta-consulting.de<\/li>\n\n\n\n<li>Pani\/Pana dane osobowe przetwarzane b\u0119d\u0105 w celu wykonania ca\u0142okszta\u0142tu czynno\u015bci zwi\u0105zanych zawarciem i realizacj\u0105 umowy, kontaktu z naszej inicjatywy lub w celu odpowiedzi na Pani\/Pana zapytanie lub zrealizowania innych dzia\u0142a\u0144, na kt\u00f3re si\u0119 Pa\u0144stwo zgodzili\u015bcie.<\/li>\n\n\n\n<li>Podstaw\u0105 prawn\u0105 przetwarzania Pani\/Pana danych osobowych jest:<br>a) art. 6 ust. 1 lit. b RODO (przetwarzanie jest niezb\u0119dne do realizacji umowy, kt\u00f3rej s\u0105 Pa\u0144stwo stron\u0105),<br>b) art. 6 ust. 1 lit. c RODO (przetwarzanie jest niezb\u0119dne do wype\u0142nienia obowi\u0105zk\u00f3w prawnych ci\u0105\u017c\u0105cych na administratorze, wynikaj\u0105cych z obowi\u0105zuj\u0105cych przepis\u00f3w prawa, w szczeg\u00f3lno\u015bci zwi\u0105zanych z prowadzeniem i przechowywaniem ksi\u0105g rachunkowych, wystawianiem i przechowywaniem faktur lub innych dokument\u00f3w ksi\u0119gowych (finansowych), dokonywaniem rozlicze\u0144 podatkowych oraz w celu archiwizacji dokumentacji),<br>c) art. 6 ust. 1 lit. f RODO (przetwarzanie jest niezb\u0119dne do cel\u00f3w takich jak ewentualna konieczno\u015b\u0107 odpierania lub realizacji roszcze\u0144 cywilnoprawnych, wynikaj\u0105cych z prawnie uzasadnionych interes\u00f3w realizowanych przez administratora, takich jak ochrona praw maj\u0105tkowych oraz niemaj\u0105tkowych),<br>d) art. 6 ust. 1 lit. a RODO (w pozosta\u0142ych przypadkach, gdy Pani\/Pana dane przetwarzane s\u0105 wy\u0142\u0105cznie na podstawie wcze\u015bniej udzielonej zgody w zakresie i w celu okre\u015blonym w tre\u015bci zgody).<\/li>\n\n\n\n<li>Przys\u0142uguje Pani\/Panu prawo do \u017c\u0105dania od administratora dost\u0119pu do danych osobowych oraz ich sprostowania, usuni\u0119cia lub ograniczenia przetwarzania, prawo do wniesienia sprzeciwu wobec przetwarzania, a tak\u017ce prawo do za\u017c\u0105dania zaprzestania przetwarzania i prawo do przenoszenia danych. Je\u017celi przetwarzanie odbywa si\u0119 na podstawie art. 6 ust. 1 lit. a, przys\u0142uguje Pani\/Panu prawo do cofni\u0119cia zgody w dowolnym momencie, bez wp\u0142ywu na zgodno\u015b\u0107 z prawem przetwarzania, kt\u00f3rego dokonano na podstawie zgody przed jej cofni\u0119ciem.<\/li>\n\n\n\n<li>Przys\u0142uguje Pani\/Panu prawo do wniesienia skargi do organu nadzorczego (tj.: Prezesa Urz\u0119du Ochrony Danych Osobowych).<\/li>\n\n\n\n<li>Podanie danych jest dobrowolne, lecz niezb\u0119dne do zawarcia i realizacji umowy cywilnoprawnej.<\/li>\n\n\n\n<li>W przypadku niepodania danych nie b\u0119dzie mo\u017cliwe zrealizowanie cel\u00f3w podanych w punkcie 3.<\/li>\n\n\n\n<li>Dane udost\u0119pnione przez Pani\u0105\/Pana nie b\u0119d\u0105 podlega\u0142y udost\u0119pnieniu podmiotom trzecim. Odbiorcami danych b\u0119d\u0105 jedynie banki (w zakresie prowadzenia rozlicze\u0144 wynikaj\u0105cych z umowy), operatorzy pocztowi (w zwi\u0105zku z przesy\u0142aniem korespondencji), dostawcy system\u00f3w informatycznych i us\u0142ug IT, a ponadto tylko instytucje i organy uprawnione do uzyskania danych na podstawie obowi\u0105zuj\u0105cych przepis\u00f3w prawa. Ponadto Pani\/Pana dane osobowe ujawniane b\u0119d\u0105 upowa\u017cnionym osobom zatrudnionym przez administratora na podstawie um\u00f3w o prac\u0119 lub um\u00f3w cywilnoprawnych oraz podmiotom przetwarzaj\u0105cym dane na nasze zlecenie na podstawie umowy powierzenia przetwarzania danych.<\/li>\n\n\n\n<li>Administrator danych nie zamierza przekazywa\u0107 danych osobowych do pa\u0144stwa trzeciego lub organizacji mi\u0119dzynarodowej.<\/li>\n\n\n\n<li>Dane udost\u0119pnione przez Pani\u0105\/Pana nie b\u0119d\u0105 podlega\u0142y zautomatyzowanemu przetwarzaniu.<\/li>\n\n\n\n<li>Pani\/Pana dane osobowe b\u0119d\u0105 przechowywane przez okres trwania umowy cywilnoprawnej, a nast\u0119pnie przez okres wymagany przepisami prawa, jednak\u017ce nie kr\u00f3tszy ni\u017c do momentu przedawnienia ewentualnych roszcze\u0144 zwi\u0105zanych z zawarciem i realizacj\u0105 umowy.<\/li>\n<\/ol>\n\n\n\n<p><\/p>\n<\/div>\n<\/div><\/div>\n<\/div>\n<\/div><\/div>\n","protected":false},"excerpt":{"rendered":"","protected":false},"author":1,"featured_media":0,"parent":0,"menu_order":0,"comment_status":"closed","ping_status":"closed","template":"","meta":{"neve_meta_sidebar":"","neve_meta_container":"","neve_meta_enable_content_width":"","neve_meta_content_width":0,"neve_meta_title_alignment":"","neve_meta_author_avatar":"","neve_post_elements_order":"","neve_meta_disable_header":"","neve_meta_disable_footer":"","neve_meta_disable_title":"","neve_meta_reading_time":"","_themeisle_gutenberg_block_has_review":false,"_ti_tpc_template_sync":false,"_ti_tpc_template_id":"","footnotes":""},"class_list":["post-2527","page","type-page","status-publish","hentry"],"translation":{"provider":"WPGlobus","version":"2.12.2","language":"gb","enabled_languages":["de","gb"],"languages":{"de":{"title":true,"content":true,"excerpt":false},"gb":{"title":false,"content":false,"excerpt":false}}},"_links":{"self":[{"href":"https:\/\/www.mesta-consulting.de\/gb\/wp-json\/wp\/v2\/pages\/2527","targetHints":{"allow":["GET"]}}],"collection":[{"href":"https:\/\/www.mesta-consulting.de\/gb\/wp-json\/wp\/v2\/pages"}],"about":[{"href":"https:\/\/www.mesta-consulting.de\/gb\/wp-json\/wp\/v2\/types\/page"}],"author":[{"embeddable":true,"href":"https:\/\/www.mesta-consulting.de\/gb\/wp-json\/wp\/v2\/users\/1"}],"replies":[{"embeddable":true,"href":"https:\/\/www.mesta-consulting.de\/gb\/wp-json\/wp\/v2\/comments?post=2527"}],"version-history":[{"count":4,"href":"https:\/\/www.mesta-consulting.de\/gb\/wp-json\/wp\/v2\/pages\/2527\/revisions"}],"predecessor-version":[{"id":2531,"href":"https:\/\/www.mesta-consulting.de\/gb\/wp-json\/wp\/v2\/pages\/2527\/revisions\/2531"}],"wp:attachment":[{"href":"https:\/\/www.mesta-consulting.de\/gb\/wp-json\/wp\/v2\/media?parent=2527"}],"curies":[{"name":"wp","href":"https:\/\/api.w.org\/{rel}","templated":true}]}}