{"id":761,"date":"2022-12-29T20:16:52","date_gmt":"2022-12-29T19:16:52","guid":{"rendered":"https:\/\/mesta-consulting.de\/?page_id=761"},"modified":"2024-06-24T18:54:31","modified_gmt":"2024-06-24T16:54:31","slug":"impressum","status":"publish","type":"page","link":"https:\/\/www.mesta-consulting.de\/gb\/impressum\/","title":{"rendered":"Impressum"},"content":{"rendered":"\n<div id=\"wp-block-themeisle-blocks-advanced-columns-7c1f3da9\" class=\"wp-block-themeisle-blocks-advanced-columns has-2-columns has-desktop-oneTwo-layout has-tablet-equal-layout has-mobile-collapsedRows-layout has-vertical-unset\"><div class=\"wp-block-themeisle-blocks-advanced-columns-overlay\"><\/div><div class=\"innerblocks-wrap\">\n<div id=\"wp-block-themeisle-blocks-advanced-column-2491ed29\" class=\"wp-block-themeisle-blocks-advanced-column has-light-bg\">\n<div style=\"height:205px\" aria-hidden=\"true\" class=\"wp-block-spacer\"><\/div>\n\n\n\n<h3 class=\"wp-block-heading has-nv-text-dark-bg-color has-text-color has-large-font-size\">Rechtliche<br>Hinweise<\/h3>\n<\/div>\n\n\n\n<div id=\"wp-block-themeisle-blocks-advanced-column-c9c12dbf\" class=\"wp-block-themeisle-blocks-advanced-column has-light-bg\">\n<figure class=\"wp-block-image size-large\"><img loading=\"lazy\" decoding=\"async\" width=\"1024\" height=\"683\" src=\"https:\/\/www.mesta-consulting.de\/wp-content\/uploads\/2023\/03\/Impressum-Bild-1024x683.jpg\" alt=\"\" class=\"wp-image-2055\" srcset=\"https:\/\/www.mesta-consulting.de\/wp-content\/uploads\/2023\/03\/Impressum-Bild-1024x683.jpg 1024w, https:\/\/www.mesta-consulting.de\/wp-content\/uploads\/2023\/03\/Impressum-Bild-300x200.jpg 300w, https:\/\/www.mesta-consulting.de\/wp-content\/uploads\/2023\/03\/Impressum-Bild-768x512.jpg 768w, https:\/\/www.mesta-consulting.de\/wp-content\/uploads\/2023\/03\/Impressum-Bild-1536x1025.jpg 1536w, https:\/\/www.mesta-consulting.de\/wp-content\/uploads\/2023\/03\/Impressum-Bild-2048x1366.jpg 2048w, https:\/\/www.mesta-consulting.de\/wp-content\/uploads\/2023\/03\/Impressum-Bild-930x620.jpg 930w\" sizes=\"auto, (max-width: 1024px) 100vw, 1024px\" \/><\/figure>\n<\/div>\n<\/div><\/div>\n\n\n\n<div id=\"wp-block-themeisle-blocks-advanced-columns-fe95b92b\" class=\"wp-block-themeisle-blocks-advanced-columns has-1-columns has-desktop-equal-layout has-tablet-equal-layout has-mobile-equal-layout has-vertical-unset\"><div class=\"wp-block-themeisle-blocks-advanced-columns-overlay\"><\/div><div class=\"innerblocks-wrap\">\n<div id=\"wp-block-themeisle-blocks-advanced-column-d66eb2fb\" class=\"wp-block-themeisle-blocks-advanced-column\">\n<p><\/p>\n\n\n\n<h3 class=\"wp-block-heading has-large-font-size\">Impressum<\/h3>\n\n\n\n<p>Die Adresse unserer Website ist https:\/\/www.mesta-consulting.de<\/p>\n\n\n\n<p>Seitenbetreiber:<br>Mesta-Consulting GmbH<br>Am M\u00fchlenteich 9, DE 21465 Wentorf bei Hamburg, Deutschland<br>vertreten durch die Gesellschafter<br>Bartosz Metschke <br>Marc Stahl<br>Telefon: +49 178 68 25244<br>E-Mail: info@mesta-consulting.de<br>Steuer-ID: DE360906983<\/p>\n\n\n\n<p>Bilder:&nbsp;<\/p>\n\n\n\n<p>Die Website verwendete u.a. Bilder von Pixabay\/ Freepik\/ depositphotos von:<\/p>\n\n\n\n<p>@ senivpetro: group-people-working-out-business-plan-office&nbsp;<\/p>\n\n\n\n<p>@ senivpetro:&nbsp;group-people-working-out-business-plan-office:&nbsp;group-people-working-out-business-plan-office<\/p>\n\n\n\n<p>@ depositphotos_41124935_DS: Back view of automobile in sales salon<\/p>\n\n\n\n<p>Rechtliche Informationen<\/p>\n\n\n\n<p>Der Seitenbetreiber bem\u00fcht sich, auf dieser Website richtige und vollst\u00e4ndige Informationen zur Verf\u00fcgung zu stellen. Er \u00fcbernimmt jedoch keine Haftung oder Garantie f\u00fcr die Aktualit\u00e4t, Richtigkeit und Vollst\u00e4ndigkeit der bereitgestellten Informationen. <\/p>\n\n\n\n<p>Der Seitenbetreiber haftet nicht f\u00fcr direkte Sch\u00e4den einschlie\u00dflich entgangenen Gewinns, die aufgrund oder in Verbindung mit Informationen entstehen, die auf dieser Website bereitgehalten werden. <\/p>\n\n\n\n<p>Der Seitenbetreiber beh\u00e4lt sich das Recht vor, ohne vorherige Ank\u00fcndigung, \u00c4nderungen oder Erg\u00e4nzungen der bereitgestellten Informationen vorzunehmen<\/p>\n<\/div>\n<\/div><\/div>\n","protected":false},"excerpt":{"rendered":"","protected":false},"author":1,"featured_media":0,"parent":0,"menu_order":0,"comment_status":"closed","ping_status":"closed","template":"","meta":{"neve_meta_sidebar":"","neve_meta_container":"","neve_meta_enable_content_width":"","neve_meta_content_width":0,"neve_meta_title_alignment":"","neve_meta_author_avatar":"","neve_post_elements_order":"","neve_meta_disable_header":"","neve_meta_disable_footer":"","neve_meta_disable_title":"","neve_meta_reading_time":"","_themeisle_gutenberg_block_has_review":false,"_ti_tpc_template_sync":false,"_ti_tpc_template_id":"","footnotes":""},"class_list":["post-761","page","type-page","status-publish","hentry"],"translation":{"provider":"WPGlobus","version":"2.12.2","language":"gb","enabled_languages":["de","gb"],"languages":{"de":{"title":true,"content":true,"excerpt":false},"gb":{"title":false,"content":false,"excerpt":false}}},"_links":{"self":[{"href":"https:\/\/www.mesta-consulting.de\/gb\/wp-json\/wp\/v2\/pages\/761","targetHints":{"allow":["GET"]}}],"collection":[{"href":"https:\/\/www.mesta-consulting.de\/gb\/wp-json\/wp\/v2\/pages"}],"about":[{"href":"https:\/\/www.mesta-consulting.de\/gb\/wp-json\/wp\/v2\/types\/page"}],"author":[{"embeddable":true,"href":"https:\/\/www.mesta-consulting.de\/gb\/wp-json\/wp\/v2\/users\/1"}],"replies":[{"embeddable":true,"href":"https:\/\/www.mesta-consulting.de\/gb\/wp-json\/wp\/v2\/comments?post=761"}],"version-history":[{"count":26,"href":"https:\/\/www.mesta-consulting.de\/gb\/wp-json\/wp\/v2\/pages\/761\/revisions"}],"predecessor-version":[{"id":2641,"href":"https:\/\/www.mesta-consulting.de\/gb\/wp-json\/wp\/v2\/pages\/761\/revisions\/2641"}],"wp:attachment":[{"href":"https:\/\/www.mesta-consulting.de\/gb\/wp-json\/wp\/v2\/media?parent=761"}],"curies":[{"name":"wp","href":"https:\/\/api.w.org\/{rel}","templated":true}]}}